{"id":6938,"date":"2024-10-13T21:14:28","date_gmt":"2024-10-13T21:14:28","guid":{"rendered":"https:\/\/aeamc.edu.pt\/wp\/?page_id=6938"},"modified":"2026-03-19T08:33:16","modified_gmt":"2026-03-19T08:33:16","slug":"conselho-geral","status":"publish","type":"page","link":"https:\/\/aeamc.edu.pt\/wp\/conselho-geral\/","title":{"rendered":"Conselho Geral"},"content":{"rendered":"\n<div class=\"wp-block-columns is-layout-flex wp-container-core-columns-is-layout-9d6595d7 wp-block-columns-is-layout-flex\">\n<div class=\"wp-block-column is-layout-flow wp-block-column-is-layout-flow\">\n<p><strong>Representantes do Pessoal Docente<\/strong><\/p>\n\n\n\n<p>Cec\u00edlia Maria Maia Silva<br>(<em>Presidente)<\/em><br>Jos\u00e9 Agostinho Costa Ribeiro<br><em>(Secret\u00e1rio)<\/em><br>Jos\u00e9 Guilherme Fonseca Pontes Pinto<br>Anabela Leite Alves<br>Tiago Manuel Gon\u00e7alves Correia da Silva<br>Maria Lu\u00edsa Costa Morais<br>Justina Maria Mendes Mota<br>Maria Manuela Ribeiro<\/p>\n<\/div>\n\n\n\n<div class=\"wp-block-column is-layout-flow wp-block-column-is-layout-flow\">\n<p><strong>Representantes do Pessoal N\u00e3o Docente<\/strong><\/p>\n\n\n\n<p>Anabela Concei\u00e7\u00e3o Brochado Pinheiro<br>Ricardo Romeu Castro Rodrigues<\/p>\n\n\n\n<p><br><br><\/p>\n<\/div>\n<\/div>\n\n\n\n<hr class=\"wp-block-separator has-alpha-channel-opacity\"\/>\n\n\n\n<div class=\"wp-block-columns is-layout-flex wp-container-core-columns-is-layout-9d6595d7 wp-block-columns-is-layout-flex\">\n<div class=\"wp-block-column is-layout-flow wp-block-column-is-layout-flow\">\n<p><strong>Representantes dos Encarregados de Educa\u00e7\u00e3o<\/strong><\/p>\n\n\n\n<p>Carla Silva<br>Fernando Andr\u00e9 Duarte<br>Paulo Ferreira<br>Filipe Almeida<\/p>\n<\/div>\n\n\n\n<div class=\"wp-block-column is-layout-flow wp-block-column-is-layout-flow\">\n<p><strong>Representantes da Autarquia<\/strong><\/p>\n\n\n\n<p>Isabel Maria de Freitas Soares Ferreira Fernandes<br>Clara Maria Soares<br>Ana Paula Teixeira<\/p>\n<\/div>\n<\/div>\n\n\n\n<hr class=\"wp-block-separator has-alpha-channel-opacity\"\/>\n\n\n\n<div class=\"wp-block-columns is-layout-flex wp-container-core-columns-is-layout-9d6595d7 wp-block-columns-is-layout-flex\">\n<div class=\"wp-block-column is-layout-flow wp-block-column-is-layout-flow\">\n<p><strong>Representantes das Institui\u00e7\u00f5es Locais<\/strong><\/p>\n\n\n\n<p>Jos\u00e9 Carlos Morgado<br>\u00c2ngela Silva<br>Joaquim Macedo<\/p>\n<\/div>\n\n\n\n<div class=\"wp-block-column is-layout-flow wp-block-column-is-layout-flow\">\n<p><strong>Representante dos Alunos<\/strong><\/p>\n\n\n\n<p>Nuno Ant\u00f3nio Abreu da Silva<\/p>\n<\/div>\n<\/div>\n\n\n\n<hr class=\"wp-block-separator has-alpha-channel-opacity\"\/>\n\n\n\n<h2 class=\"wp-block-heading\">Documentos <\/h2>\n\n\n\n<ul class=\"wp-block-list\">\n<li><a href=\"https:\/\/drive.google.com\/file\/d\/1jHkPAbqLKqAHUHrJbc9FQ68gQv32eCF8\/view?usp=sharing\">Regimento do Conselho Geral<\/a><\/li>\n\n\n\n<li><a href=\"https:\/\/drive.google.com\/file\/d\/1fOAH2iwUTtEUIpoHW-YVkGHPzx92RRpM\/view?usp=sharing\">Linhas orientadoras para a elabora\u00e7\u00e3o do or\u00e7amento 2026<\/a><\/li>\n<\/ul>\n\n\n\n<hr class=\"wp-block-separator has-alpha-channel-opacity\"\/>\n\n\n\n<h2 class=\"wp-block-heading\">Comunica\u00e7\u00f5es<\/h2>\n\n\n\n<ul class=\"wp-block-list\">\n<li><a href=\"https:\/\/drive.google.com\/file\/d\/1-E93NaNkG7DWQI1L86Fe4x9zGo6VIY5c\/view?usp=drive_link\">Reuni\u00e3o n.\u00ba1 | 09 de dezembro de 2025<\/a><\/li>\n\n\n\n<li><a href=\"https:\/\/drive.google.com\/file\/d\/1QKMCUr_nAET37HcWPUr4VqP5Pa2Y8aPB\/view?usp=sharing\">Reuni\u00e3o n.\u00ba2 | 17 de dezembro de 2025<\/a><\/li>\n\n\n\n<li><a href=\"https:\/\/drive.google.com\/file\/d\/10qkqjNZN1ugKkbz2Xs7y1nEpeQ59k17Q\/view?usp=sharing\">Reuni\u00e3o n.\u00ba3 | 17 de mar\u00e7o de 2026<\/a><br><\/li>\n\n\n\n<li><a href=\"https:\/\/aeamc.edu.pt\/wp\/blog\/2026\/02\/25\/conselho-geral-aprova-voto-de-louvor-ao-presidente-do-cg-cessante\/\"><strong>Louvor n.\u00ba 95\/2026<\/strong> | Voto de Louvor ao Professor Jos\u00e9 Agostinho da Costa Ribeiro<\/a><\/li>\n<\/ul>\n\n\n\n<hr class=\"wp-block-separator has-alpha-channel-opacity\"\/>\n\n\n\n<h2 class=\"wp-block-heading\">Arquivo<\/h2>\n\n\n\n<ul class=\"wp-block-list\">\n<li><a href=\"https:\/\/aeamc.edu.pt\/wp\/conselho-geral-2021-2025\/\">Conselho Geral | 2021\/2025<\/a><\/li>\n<\/ul>\n\n\n\n<p><\/p>\n","protected":false},"excerpt":{"rendered":"<p>Representantes do Pessoal Docente Cec\u00edlia Maria Maia Silva(Presidente)Jos\u00e9 Agostinho Costa Ribeiro(Secret\u00e1rio)Jos\u00e9 Guilherme Fonseca Pontes PintoAnabela Leite AlvesTiago Manuel Gon\u00e7alves Correia da SilvaMaria Lu\u00edsa Costa MoraisJustina Maria Mendes MotaMaria Manuela Ribeiro Representantes do Pessoal N\u00e3o Docente Anabela Concei\u00e7\u00e3o Brochado PinheiroRicardo Romeu Castro Rodrigues Representantes dos Encarregados&hellip;<\/p>\n","protected":false},"author":1,"featured_media":0,"parent":0,"menu_order":0,"comment_status":"closed","ping_status":"closed","template":"","meta":{"footnotes":""},"class_list":["post-6938","page","type-page","status-publish","hentry"],"_links":{"self":[{"href":"https:\/\/aeamc.edu.pt\/wp\/wp-json\/wp\/v2\/pages\/6938","targetHints":{"allow":["GET"]}}],"collection":[{"href":"https:\/\/aeamc.edu.pt\/wp\/wp-json\/wp\/v2\/pages"}],"about":[{"href":"https:\/\/aeamc.edu.pt\/wp\/wp-json\/wp\/v2\/types\/page"}],"author":[{"embeddable":true,"href":"https:\/\/aeamc.edu.pt\/wp\/wp-json\/wp\/v2\/users\/1"}],"replies":[{"embeddable":true,"href":"https:\/\/aeamc.edu.pt\/wp\/wp-json\/wp\/v2\/comments?post=6938"}],"version-history":[{"count":17,"href":"https:\/\/aeamc.edu.pt\/wp\/wp-json\/wp\/v2\/pages\/6938\/revisions"}],"predecessor-version":[{"id":9083,"href":"https:\/\/aeamc.edu.pt\/wp\/wp-json\/wp\/v2\/pages\/6938\/revisions\/9083"}],"wp:attachment":[{"href":"https:\/\/aeamc.edu.pt\/wp\/wp-json\/wp\/v2\/media?parent=6938"}],"curies":[{"name":"wp","href":"https:\/\/api.w.org\/{rel}","templated":true}]}}