{"id":4960,"date":"2022-11-01T17:25:41","date_gmt":"2022-11-01T17:25:41","guid":{"rendered":"https:\/\/aeamc.edu.pt\/wp\/?page_id=4960"},"modified":"2022-11-01T17:49:01","modified_gmt":"2022-11-01T17:49:01","slug":"associacao-de-pais-e-ee-da-eb-de-corvite","status":"publish","type":"page","link":"https:\/\/aeamc.edu.pt\/wp\/associacao-de-pais-e-ee-da-eb-de-corvite\/","title":{"rendered":"Associa\u00e7\u00e3o de Pais e EE da EB de Corvite"},"content":{"rendered":"\n<h3 class=\"wp-block-heading\">Associa\u00e7\u00e3o de Pais e EE da EB de Corvite<\/h3>\n\n\n\n<figure class=\"wp-block-image\"><img decoding=\"async\" src=\"https:\/\/scontent.fopo3-2.fna.fbcdn.net\/v\/t39.30808-6\/251376577_112417617902888_6347478722982089088_n.jpg?_nc_cat=102&amp;ccb=1-7&amp;_nc_sid=e3f864&amp;_nc_ohc=r4m4kDPsukQAX8BpFfN&amp;_nc_ht=scontent.fopo3-2.fna&amp;oh=00_AfBVgZABRRKh7B1Ix80ydmgYKsZISZdRGozL7HzTUFv0kw&amp;oe=6365968B\" alt=\"\"\/><\/figure>\n\n\n\n<figure class=\"wp-block-image\"><img loading=\"lazy\" decoding=\"async\" width=\"1024\" height=\"569\" src=\"https:\/\/aeamc.edu.pt\/wp\/wp-content\/uploads\/2022\/03\/ass_corvite-1024x569.jpg\" alt=\"\" class=\"wp-image-3932\" srcset=\"https:\/\/aeamc.edu.pt\/wp\/wp-content\/uploads\/2022\/03\/ass_corvite-1024x569.jpg 1024w, https:\/\/aeamc.edu.pt\/wp\/wp-content\/uploads\/2022\/03\/ass_corvite-300x167.jpg 300w, https:\/\/aeamc.edu.pt\/wp\/wp-content\/uploads\/2022\/03\/ass_corvite-768x427.jpg 768w, https:\/\/aeamc.edu.pt\/wp\/wp-content\/uploads\/2022\/03\/ass_corvite.jpg 1312w\" sizes=\"auto, (max-width: 1024px) 100vw, 1024px\" \/><\/figure>\n\n\n\n<p>Contacto e-mail: <a href=\"mailto:assoc.paiscorvite@gmail.com\">assoc.paiscorvite@gmail.com<\/a><br><br>P\u00e1gina no FB &#8211; <a rel=\"noreferrer noopener\" aria-label=\"Link  (abre num novo separador)\" href=\"https:\/\/www.facebook.com\/Associa%C3%A7%C3%A3o-de-Pais-da-EB-de-Corvite-112416954569621\" target=\"_blank\">Link<\/a><\/p>\n","protected":false},"excerpt":{"rendered":"<p>Associa\u00e7\u00e3o de Pais e EE da EB de Corvite Contacto e-mail: assoc.paiscorvite@gmail.com P\u00e1gina no FB &#8211; Link<\/p>\n","protected":false},"author":1,"featured_media":0,"parent":0,"menu_order":0,"comment_status":"closed","ping_status":"closed","template":"","meta":{"footnotes":""},"class_list":["post-4960","page","type-page","status-publish","hentry"],"_links":{"self":[{"href":"https:\/\/aeamc.edu.pt\/wp\/wp-json\/wp\/v2\/pages\/4960","targetHints":{"allow":["GET"]}}],"collection":[{"href":"https:\/\/aeamc.edu.pt\/wp\/wp-json\/wp\/v2\/pages"}],"about":[{"href":"https:\/\/aeamc.edu.pt\/wp\/wp-json\/wp\/v2\/types\/page"}],"author":[{"embeddable":true,"href":"https:\/\/aeamc.edu.pt\/wp\/wp-json\/wp\/v2\/users\/1"}],"replies":[{"embeddable":true,"href":"https:\/\/aeamc.edu.pt\/wp\/wp-json\/wp\/v2\/comments?post=4960"}],"version-history":[{"count":3,"href":"https:\/\/aeamc.edu.pt\/wp\/wp-json\/wp\/v2\/pages\/4960\/revisions"}],"predecessor-version":[{"id":4976,"href":"https:\/\/aeamc.edu.pt\/wp\/wp-json\/wp\/v2\/pages\/4960\/revisions\/4976"}],"wp:attachment":[{"href":"https:\/\/aeamc.edu.pt\/wp\/wp-json\/wp\/v2\/media?parent=4960"}],"curies":[{"name":"wp","href":"https:\/\/api.w.org\/{rel}","templated":true}]}}