{"id":472,"date":"2018-03-09T16:33:37","date_gmt":"2018-03-09T16:33:37","guid":{"rendered":"https:\/\/aeamc.edu.pt\/wp\/?page_id=472"},"modified":"2022-11-20T17:53:20","modified_gmt":"2022-11-20T17:53:20","slug":"associacao-de-pais","status":"publish","type":"page","link":"https:\/\/aeamc.edu.pt\/wp\/associacao-de-pais\/","title":{"rendered":"Associa\u00e7\u00f5es de Pais e EE"},"content":{"rendered":"\n<div class=\"wp-block-image\"><figure class=\"aligncenter is-resized\"><img loading=\"lazy\" decoding=\"async\" src=\"https:\/\/aemadalena.pt\/wp-content\/uploads\/2014\/03\/gallery07.jpg\" alt=\"Business Meeting\" width=\"423\" height=\"238\"\/><\/figure><\/div>\n\n\n\n<p>O nosso Agrupamento pauta pela rela\u00e7\u00e3o salutar com as Associa\u00e7\u00f5es de Pais e Encarregados de Educa\u00e7\u00e3o das escolas que o comp\u00f5em. Trabalham afincadamente em parceria com o AEAMC e sempre em prol das nossas crian\u00e7as e alunos. <\/p>\n\n\n\n<p>Criamos, para o efeito, uma p\u00e1gina para cada uma das Associa\u00e7\u00f5es, onde disponibilizam informa\u00e7\u00f5es sobre a sua constitui\u00e7\u00e3o, as parcerias, as atividades que desenvolvem, as p\u00e1ginas que usam para a divulga\u00e7\u00e3o das suas iniciativas e os seus contactos. <br><br>Se \u00e9 pai\/m\u00e3e ou encarregado de educa\u00e7\u00e3o, pode associar-se e marcar pela diferen\u00e7a, dando o seu contributo na prossecu\u00e7\u00e3o das atividades que estas Associa\u00e7\u00f5es promovem. Basta, para isso, escolher o link da Associa\u00e7\u00e3o de Pais e EE da Escola do seu(sua) educando(a):  <\/p>\n\n\n\n<p><a rel=\"noreferrer noopener\" aria-label=\"Associa\u00e7\u00e3o de Pais e EE da EBS Arque\u00f3logo M\u00e1rio Cardoso (abre num novo separador)\" href=\"https:\/\/aeamc.edu.pt\/wp\/associacao-de-pais-e-ee-da-ebs-arqueologo-mario-cardoso\/\" target=\"_blank\">Associa\u00e7\u00e3o de Pais e EE da EBS Arque\u00f3logo M\u00e1rio Cardoso<\/a><br><a rel=\"noreferrer noopener\" aria-label=\"Associa\u00e7\u00e3o de Pais e EE da EB de Cerca do Pa\u00e7o (abre num novo separador)\" href=\"https:\/\/aeamc.edu.pt\/wp\/associacao-de-pais-e-ee-da-eb-de-cerca-do-paco\/\" target=\"_blank\">Associa\u00e7\u00e3o de Pais e EE da EB de Cerca do Pa\u00e7o<\/a> <br><a rel=\"noreferrer noopener\" aria-label=\"Associa\u00e7\u00e3o de Pais e EE  da EB de Corvite  (abre num novo separador)\" href=\"https:\/\/aeamc.edu.pt\/wp\/associacao-de-pais-e-ee-da-eb-de-corvite\/\" target=\"_blank\">Associa\u00e7\u00e3o de Pais e EE  da EB de Corvite <\/a><br><a rel=\"noreferrer noopener\" aria-label=\"Associa\u00e7\u00e3o de Pais e EE  da EB de Deserto (abre num novo separador)\" href=\"https:\/\/aeamc.edu.pt\/wp\/associacao-de-pais-e-ee-da-eb-de-deserto\/\" target=\"_blank\">Associa\u00e7\u00e3o de Pais e EE  da EB de Deserto<\/a> <br><a rel=\"noreferrer noopener\" aria-label=\"Associa\u00e7\u00e3o de Pais e EE  da EB de Ponte  (abre num novo separador)\" href=\"https:\/\/aeamc.edu.pt\/wp\/associacao-de-pais-e-ee-da-eb-de-ponte\/\" target=\"_blank\">Associa\u00e7\u00e3o de Pais e EE  da EB de Ponte <\/a><br><a rel=\"noreferrer noopener\" aria-label=\"Associa\u00e7\u00e3o de Pais e EE da EB de Sande Vila Nova (abre num novo separador)\" href=\"https:\/\/aeamc.edu.pt\/wp\/associacao-de-pais-e-ee-da-eb-de-sande-vila-nova\/\" target=\"_blank\">Associa\u00e7\u00e3o de Pais e EE da EB de Sande Vila Nova<\/a><\/p>\n\n\n\n<div class=\"wp-block-image\"><figure class=\"aligncenter\"><img loading=\"lazy\" decoding=\"async\" width=\"311\" height=\"162\" src=\"https:\/\/aeamc.edu.pt\/wp\/wp-content\/uploads\/2022\/11\/image.jpeg\" alt=\"\" class=\"wp-image-4970\" srcset=\"https:\/\/aeamc.edu.pt\/wp\/wp-content\/uploads\/2022\/11\/image.jpeg 311w, https:\/\/aeamc.edu.pt\/wp\/wp-content\/uploads\/2022\/11\/image-300x156.jpeg 300w\" sizes=\"auto, (max-width: 311px) 100vw, 311px\" \/><\/figure><\/div>\n","protected":false},"excerpt":{"rendered":"<p>O nosso Agrupamento pauta pela rela\u00e7\u00e3o salutar com as Associa\u00e7\u00f5es de Pais e Encarregados de Educa\u00e7\u00e3o das escolas que o comp\u00f5em. Trabalham afincadamente em parceria com o AEAMC e sempre em prol das nossas crian\u00e7as e alunos. Criamos, para o efeito, uma p\u00e1gina para cada&hellip;<\/p>\n","protected":false},"author":1,"featured_media":0,"parent":0,"menu_order":0,"comment_status":"closed","ping_status":"closed","template":"","meta":{"footnotes":""},"class_list":["post-472","page","type-page","status-publish","hentry"],"_links":{"self":[{"href":"https:\/\/aeamc.edu.pt\/wp\/wp-json\/wp\/v2\/pages\/472","targetHints":{"allow":["GET"]}}],"collection":[{"href":"https:\/\/aeamc.edu.pt\/wp\/wp-json\/wp\/v2\/pages"}],"about":[{"href":"https:\/\/aeamc.edu.pt\/wp\/wp-json\/wp\/v2\/types\/page"}],"author":[{"embeddable":true,"href":"https:\/\/aeamc.edu.pt\/wp\/wp-json\/wp\/v2\/users\/1"}],"replies":[{"embeddable":true,"href":"https:\/\/aeamc.edu.pt\/wp\/wp-json\/wp\/v2\/comments?post=472"}],"version-history":[{"count":41,"href":"https:\/\/aeamc.edu.pt\/wp\/wp-json\/wp\/v2\/pages\/472\/revisions"}],"predecessor-version":[{"id":5206,"href":"https:\/\/aeamc.edu.pt\/wp\/wp-json\/wp\/v2\/pages\/472\/revisions\/5206"}],"wp:attachment":[{"href":"https:\/\/aeamc.edu.pt\/wp\/wp-json\/wp\/v2\/media?parent=472"}],"curies":[{"name":"wp","href":"https:\/\/api.w.org\/{rel}","templated":true}]}}