{"id":1052,"date":"2018-10-17T10:28:20","date_gmt":"2018-10-17T10:28:20","guid":{"rendered":"https:\/\/aeamc.edu.pt\/wp\/?page_id=1052"},"modified":"2021-07-01T10:54:14","modified_gmt":"2021-07-01T10:54:14","slug":"emaei","status":"publish","type":"page","link":"https:\/\/aeamc.edu.pt\/wp\/emaei\/","title":{"rendered":"EMAEI"},"content":{"rendered":"<p><img loading=\"lazy\" decoding=\"async\" class=\"alignleft size-full wp-image-1059\" src=\"https:\/\/aeamc.edu.pt\/wp\/wp-content\/uploads\/2018\/10\/logo_emaei.png\" alt=\"\" width=\"169\" height=\"143\" \/><\/p>\n<p>Esta p\u00e1gina destina-se \u00e0 nossa Equipa Multidisciplinar de Apoio \u00e0 Educa\u00e7\u00e3o Inclusiva.<\/p>\n<p>Aqui passar\u00e3o a estar disponibilizadas todas as informa\u00e7\u00f5es relativas ao trabalho desenvolvido por esta equipa nas suas val\u00eancias.<\/p>\n<h3>Documentos de suporte<\/h3>\n<p><a href=\"https:\/\/drive.google.com\/file\/d\/1JNxAtK5tZmkFA-CsM1S_VpohbhmtPCy5\/view?usp=sharing\" target=\"_blank\" rel=\"noopener noreferrer\">Decreto-Lei n.\u00ba54\/2018, de 6 de julho<\/a><\/p>\n<p><a href=\"https:\/\/drive.google.com\/file\/d\/1liHPhld5ymJSSghBT_kqsZvCU3nyiYax\/view?usp=sharing\">Roteiro para a Inclus\u00e3o (aprovado no CP de 23\/10\/2021)<\/a><\/p>\n<p><img loading=\"lazy\" decoding=\"async\" class=\"aligncenter wp-image-1098 size-full\" src=\"https:\/\/aeamc.edu.pt\/wp\/wp-content\/uploads\/2018\/11\/concurso_video.jpg\" alt=\"\" width=\"955\" height=\"408\" srcset=\"https:\/\/aeamc.edu.pt\/wp\/wp-content\/uploads\/2018\/11\/concurso_video.jpg 955w, https:\/\/aeamc.edu.pt\/wp\/wp-content\/uploads\/2018\/11\/concurso_video-300x128.jpg 300w, https:\/\/aeamc.edu.pt\/wp\/wp-content\/uploads\/2018\/11\/concurso_video-768x328.jpg 768w\" sizes=\"auto, (max-width: 955px) 100vw, 955px\" \/><\/p>\n<p><strong>RESULTADOS FINAIS DO PASSATEMPO<\/strong><\/p>\n<p>A EMAEI e o Subdepartamento de Educa\u00e7\u00e3o Especial informam que os vencedores do passatempo <strong>\u201cA Inclus\u00e3o Somos N\u00f3s!\u201d<\/strong> s\u00e3o, por ciclos:<\/p>\n<p><strong>&#8211; Pr\u00e9\/1\u00ba ciclo:<\/strong>\u00a0Escola B\u00e1sica de Deserto<\/p>\n<p><strong>&#8211; 2\u00ba ciclo:<\/strong> \u00cdris Roriz , 5\u00baB, e Diogo\u00a0 Ribeiro, 5\u00baA<\/p>\n<p><strong>&#8211; 3\u00ba ciclo:<\/strong> 7\u00baD<\/p>\n<p>Oportunamente, os v\u00eddeos-flash ser\u00e3o divulgados.<\/p>\n<p><strong>Parab\u00e9ns aos vencedores, bem como a todos os participantes!<\/strong><\/p>\n<p><a href=\"https:\/\/drive.google.com\/file\/d\/1AXm0bym9uisEXSxXBmSFXKgqfo8dtfvW\/view?usp=sharing\" target=\"_blank\" rel=\"noopener noreferrer\">Regulamento do Concurso &#8220;<strong>A Inclus\u00e3o somos n\u00f3s!_V\u00eddeos Flash<\/strong><\/a>&#8221;<\/p>\n<p><strong>CRIT\u00c9RIOS DE APURAMENTO DOS VENCEDORES<\/strong><\/p>\n<ol>\n<li>Obedi\u00eancia ao(s) tema(s);<\/li>\n<li>Cumprimento da dura\u00e7\u00e3o m\u00e1xima de um minuto (com exce\u00e7\u00e3o do Pr\u00e9 Escolar e 1\u00ba ciclo);<\/li>\n<li>Cumprimento do formato v\u00eddeo;<\/li>\n<li>Qualidade e pertin\u00eancia da mensagem;<\/li>\n<li>Coer\u00eancia e coes\u00e3o;<\/li>\n<li>Criatividade e originalidade;<\/li>\n<li>Corre\u00e7\u00e3o lingu\u00edstica\/comunicativa.<\/li>\n<\/ol>\n<p>A EMAEI e o Subdepartamento de Educa\u00e7\u00e3o Especial<\/p>\n","protected":false},"excerpt":{"rendered":"<p>Esta p\u00e1gina destina-se \u00e0 nossa Equipa Multidisciplinar de Apoio \u00e0 Educa\u00e7\u00e3o Inclusiva. Aqui passar\u00e3o a estar disponibilizadas todas as informa\u00e7\u00f5es relativas ao trabalho desenvolvido por esta equipa nas suas val\u00eancias. Documentos de suporte Decreto-Lei n.\u00ba54\/2018, de 6 de julho Roteiro para a Inclus\u00e3o (aprovado no&hellip;<\/p>\n","protected":false},"author":1,"featured_media":0,"parent":0,"menu_order":0,"comment_status":"closed","ping_status":"closed","template":"","meta":{"footnotes":""},"class_list":["post-1052","page","type-page","status-publish","hentry"],"_links":{"self":[{"href":"https:\/\/aeamc.edu.pt\/wp\/wp-json\/wp\/v2\/pages\/1052","targetHints":{"allow":["GET"]}}],"collection":[{"href":"https:\/\/aeamc.edu.pt\/wp\/wp-json\/wp\/v2\/pages"}],"about":[{"href":"https:\/\/aeamc.edu.pt\/wp\/wp-json\/wp\/v2\/types\/page"}],"author":[{"embeddable":true,"href":"https:\/\/aeamc.edu.pt\/wp\/wp-json\/wp\/v2\/users\/1"}],"replies":[{"embeddable":true,"href":"https:\/\/aeamc.edu.pt\/wp\/wp-json\/wp\/v2\/comments?post=1052"}],"version-history":[{"count":8,"href":"https:\/\/aeamc.edu.pt\/wp\/wp-json\/wp\/v2\/pages\/1052\/revisions"}],"predecessor-version":[{"id":2901,"href":"https:\/\/aeamc.edu.pt\/wp\/wp-json\/wp\/v2\/pages\/1052\/revisions\/2901"}],"wp:attachment":[{"href":"https:\/\/aeamc.edu.pt\/wp\/wp-json\/wp\/v2\/media?parent=1052"}],"curies":[{"name":"wp","href":"https:\/\/api.w.org\/{rel}","templated":true}]}}